{"id":58,"date":"2019-01-19T20:37:15","date_gmt":"2019-01-19T20:37:15","guid":{"rendered":"http:\/\/diegrenzgaengerin.net\/?page_id=58"},"modified":"2021-09-16T20:50:28","modified_gmt":"2021-09-16T20:50:28","slug":"datenschutzerklaerung","status":"publish","type":"page","link":"https:\/\/diegrenzgaengerin.net\/?page_id=58","title":{"rendered":"Datenschutzerkl\u00e4rung"},"content":{"rendered":"\n<p><em>Stand: 13. August 2019<\/em><\/p>\n\n\n\n<p><\/p>\n\n\n\n<h2 class=\"wp-block-heading\">Inhalts\u00fcbersicht<\/h2>\n\n\n\n<ul class=\"wp-block-list\"><li><a href=\"https:\/\/datenschutz-generator.de\/datenschutzerklaerung\/#m3\"> Verantwortliche Person<\/a><\/li><li><a href=\"https:\/\/datenschutz-generator.de\/datenschutzerklaerung\/#mOverview\"> \u00dcbersicht der Verarbeitungen<\/a><\/li><li><a href=\"https:\/\/datenschutz-generator.de\/datenschutzerklaerung\/#m13\"> Ma\u00dfgebliche Rechtsgrundlagen<\/a><\/li><li><a href=\"https:\/\/datenschutz-generator.de\/datenschutzerklaerung\/#m27\"> Sicherheitsma\u00dfnahmen<\/a><\/li><li><a href=\"https:\/\/datenschutz-generator.de\/datenschutzerklaerung\/#m134\"> Einsatz von Cookies<\/a><\/li><li><a href=\"https:\/\/datenschutz-generator.de\/datenschutzerklaerung\/#m182\"> Kontaktaufnahme<\/a><\/li><li><a href=\"https:\/\/datenschutz-generator.de\/datenschutzerklaerung\/#m12\"> L\u00f6schung von Daten<\/a><\/li><li><a href=\"https:\/\/datenschutz-generator.de\/datenschutzerklaerung\/#m42\"> Begriffsdefinitionen<\/a><\/li><\/ul>\n\n\n\n<p><\/p>\n\n\n\n<h2 class=\"wp-block-heading\" id=\"m3\">Verantwortliche Person<\/h2>\n\n\n\n<p>Jennifer J* Moos<br>die_grenzg\u00e4nger_in<br>Ludwigstra\u00dfe 4<br>D-79104 Freiburg i.Br.<\/p>\n\n\n\n<p>E-Mail-Adresse: <a href=\"mailto:post@diegrenzgaengerin.net\">post@diegrenzgaengerin.net<\/a> <br>Impressum: <a rel=\"noreferrer noopener\" href=\"https:\/\/diegrenzgaengerin.net\/?page_id=26\" target=\"_blank\">https:\/\/diegrenzgaengerin.net\/?page_id=26<\/a><\/p>\n\n\n\n<p><\/p>\n\n\n\n<h2 class=\"wp-block-heading\" id=\"mOverview\">\u00dcbersicht der Verarbeitungen<\/h2>\n\n\n\n<p>Die nachfolgende \u00dcbersicht fasst die Arten der verarbeiteten Daten und die Zwecke ihrer Verarbeitung zusammen und verweist auf die betroffenen Personen.<\/p>\n\n\n\n<h3 class=\"wp-block-heading\">Arten der verarbeiteten Daten<\/h3>\n\n\n\n<ul class=\"wp-block-list\"><li>Bestandsdaten (z.B. Namen, Adressen).<\/li><li>Inhaltsdaten (z.B. Texteingaben, Fotografien, Videos).<\/li><li>Kontaktdaten (z.B. E-Mail, Telefonnummern).<\/li><li>Meta-\/Kommunikationsdaten (z.B. Ger\u00e4te-Informationen, IP-Adressen).<\/li><li>Nutzungsdaten (z.B. besuchte Webseiten, Interesse an Inhalten, Zugriffszeiten).<\/li><\/ul>\n\n\n\n<h3 class=\"wp-block-heading\">Kategorien betroffener Personen<\/h3>\n\n\n\n<ul class=\"wp-block-list\"><li>Kommunikationspartner*innen.<\/li><li>Nutzer*innen (z.B. Webseitenbesucher*innen, Nutzer*innen von Onlinediensten).<\/li><\/ul>\n\n\n\n<h3 class=\"wp-block-heading\">Zwecke der Verarbeitung<\/h3>\n\n\n\n<ul class=\"wp-block-list\"><li>Kontaktanfragen und Kommunikation.<\/li><\/ul>\n\n\n\n<h3 class=\"wp-block-heading\" id=\"m13\">Ma\u00dfgebliche Rechtsgrundlagen<\/h3>\n\n\n\n<p>Im Folgenden teilen wir die Rechtsgrundlagen der Datenschutzgrundverordnung (DSGVO), auf deren Basis wir die  personenbezogenen Daten verarbeiten, mit. Bitte beachten Sie, dass zus\u00e4tzlich zu den Regelungen der DSGVO die nationalen  Datenschutzvorgaben in Ihrem bzw. unserem Wohn- und Sitzland gelten k\u00f6nnen.<\/p>\n\n\n\n<ul class=\"wp-block-list\"><li><strong>Einwilligung (Art. 6 Abs. 1 S. 1 lit. a DSGVO)<\/strong> &#8211; Die betroffene Person hat ihre Einwilligung in die Verarbeitung der sie betreffenden personenbezogenen Daten f\u00fcr einen spezifischen Zweck oder mehrere bestimmte Zwecke gegeben.<\/li><li><strong>Vertragserf\u00fcllung und vorvertragliche Anfragen (Art. 6 Abs. 1 S. 1 lit. b. DSGVO)<\/strong> &#8211; Die Verarbeitung ist f\u00fcr die Erf\u00fcllung eines Vertrags, dessen Vertragspartei die betroffene Person ist, oder zur Durchf\u00fchrung vorvertraglicher Ma\u00dfnahmen erforderlich, die auf Anfrage der betroffenen Person erfolgen.<\/li><li><strong>Berechtigte Interessen (Art. 6 Abs. 1 S. 1 lit. f. DSGVO)<\/strong> &#8211; Die Verarbeitung ist zur Wahrung der berechtigten Interessen des Verantwortlichen oder eines Dritten erforderlich, sofern nicht die Interessen oder Grundrechte und Grundfreiheiten der betroffenen Person, die den Schutz personenbezogener Daten erfordern, \u00fcberwiegen.<\/li><\/ul>\n\n\n\n<p><strong>Nationale Datenschutzregelungen in Deutschland<\/strong>: Zus\u00e4tzlich zu den Datenschutzregelungen der Datenschutz-Grundverordnung gelten nationale Regelungen zum Datenschutz in Deutschland. Hierzu geh\u00f6rt insbesondere das Gesetz zum Schutz vor Missbrauch personenbezogener Daten bei der Datenverarbeitung (Bundesdatenschutzgesetz \u2013 BDSG). Das BDSG enth\u00e4lt insbesondere  Spezialregelungen zum Recht auf Auskunft, zum Recht auf L\u00f6schung, zum Widerspruchsrecht, zur Verarbeitung besonderer Kategorien personenbezogener Daten, zur Verarbeitung f\u00fcr andere Zwecke und zur \u00dcbermittlung sowie automatisierten Entscheidungsfindung im Einzelfall  einschlie\u00dflich Profiling. Des Weiteren regelt es die Datenverarbeitung f\u00fcr Zwecke des Besch\u00e4ftigungsverh\u00e4ltnisses (\u00a7 26 BDSG), insbesondere im Hinblick auf die Begr\u00fcndung, Durchf\u00fchrung oder Beendigung von Besch\u00e4ftigungsverh\u00e4ltnissen sowie die Einwilligung von Besch\u00e4ftigten. Ferner k\u00f6nnen Landesdatenschutzgesetze der einzelnen Bundesl\u00e4nder zur Anwendung gelangen.<\/p>\n\n\n\n<p><\/p>\n\n\n\n<h2 class=\"wp-block-heading\" id=\"m27\">Sicherheitsma\u00dfnahmen<\/h2>\n\n\n\n<p>Wir  treffen nach Ma\u00dfgabe der gesetzlichen Vorgaben unter Ber\u00fccksichtigung des Stands der Technik, der Implementierungskosten und der Art, des Umfangs, der Umst\u00e4nde und der Zwecke der Verarbeitung sowie der  unterschiedlichen Eintrittswahrscheinlichkeiten und des Ausma\u00dfes der  Bedrohung der Rechte und Freiheiten nat\u00fcrlicher Personen geeignete technische und organisatorische Ma\u00dfnahmen, um ein dem Risiko angemessenes Schutzniveau zu gew\u00e4hrleisten.<\/p>\n\n\n\n<p>Zu den Ma\u00dfnahmen geh\u00f6ren insbesondere die Sicherung der Vertraulichkeit, Integrit\u00e4t und Verf\u00fcgbarkeit von Daten durch Kontrolle des physischen und elektronischen Zugangs zu den Daten als auch des sie  betreffenden Zugriffs, der Eingabe, der Weitergabe, der Sicherung der Verf\u00fcgbarkeit und ihrer Trennung. Des Weiteren haben wir Verfahren eingerichtet, die eine Wahrnehmung von Betroffenenrechten, die L\u00f6schung von Daten und Reaktionen auf die Gef\u00e4hrdung der Daten gew\u00e4hrleisten.  Ferner ber\u00fccksichtigen wir den Schutz personenbezogener Daten bereits bei der Entwicklung bzw. Auswahl von Hardware, Software sowie Verfahren entsprechend dem Prinzip des Datenschutzes, durch Technikgestaltung und durch datenschutzfreundliche Voreinstellungen.<\/p>\n\n\n\n<p><strong>SSL-Verschl\u00fcsselung (https)<\/strong>: Um Ihre via unser Online-Angebot \u00fcbermittelten Daten zu sch\u00fctzen, nutzen wir eine SSL-Verschl\u00fcsselung. Sie erkennen derart verschl\u00fcsselte Verbindungen an dem Pr\u00e4fix https:\/\/ in der Adresszeile Ihres Browsers.<\/p>\n\n\n\n<p><\/p>\n\n\n\n<h2 class=\"wp-block-heading\" id=\"m134\">Einsatz von Cookies<\/h2>\n\n\n\n<p>Als &#8222;Cookies\u201c werden kleine Dateien bezeichnet, die auf Ger\u00e4ten der Nutzer*innen gespeichert werden. Mittels Cookies k\u00f6nnen unterschiedliche Angaben gespeichert werden. Zu den Angaben k\u00f6nnen z.B. die Spracheinstellungen auf einer Webseite, der  Loginstatus, ein Warenkorb oder die Stelle, an der ein Video geschaut wurde, geh\u00f6ren. <\/p>\n\n\n\n<p>Cookies werden im Regelfall auch dann eingesetzt, wenn die Interessen von Nutzenden oder ihr Verhalten (z.B. Betrachten bestimmter Inhalte, Nutzen von Funktionen etc.) auf einzelnen Webseiten in einem Nutzer*innenprofil gespeichert werden. Solche Profile dienen dazu, den Nutzenden z.B. Inhalte anzuzeigen, die ihren potentiellen Interessen entsprechen. Dieses Verfahren wird auch als &#8222;Tracking&#8220;, d.h., Nachverfolgung der potentiellen Interessen der Nutzenden bezeichnet. Zu dem Begriff der Cookies z\u00e4hlen wir ferner andere Technologien, die die gleichen Funktionen wie Cookies erf\u00fcllen (z.B. wenn Angaben der Nutzenden anhand pseudonymer Onlinekennzeichnungen gespeichert werden, auch als &#8222;Nutzer-IDs&#8220; bezeichnet).<\/p>\n\n\n\n<p>Soweit wir Cookies oder &#8222;Tracking&#8220;-Technologien einsetzen, informieren wir Sie gesondert in unserer Datenschutzerkl\u00e4rung. <\/p>\n\n\n\n<p><strong>Hinweise zu Rechtsgrundlagen: <\/strong>Auf welcher Rechtsgrundlage wir Ihre personenbezogenen Daten mit Hilfe von Cookies  verarbeiten, h\u00e4ngt davon ab, ob wir Sie um eine Einwilligung bitten. Falls dies zutrifft und Sie in die Nutzung von Cookies einwilligen, ist die Rechtsgrundlage der Verarbeitung Ihrer Daten die erkl\u00e4rte Einwilligung. Andernfalls werden die mithilfe von Cookies verarbeiteten Daten auf Grundlage unserer berechtigten Interessen (z.B. an einem  betriebswirtschaftlichen Betrieb unseres Onlineangebotes und dessen Verbesserung) verarbeitet oder, wenn der Einsatz von Cookies erforderlich ist, um unsere vertraglichen Verpflichtungen zu erf\u00fcllen.<\/p>\n\n\n\n<p><strong>Widerruf und Widerspruch (Opt-Out): <\/strong>Unabh\u00e4ngig davon, ob die Verarbeitung auf Grundlage einer Einwilligung oder  gesetzlichen Erlaubnis erfolgt, haben Sie jederzeit die M\u00f6glichkeit, eine erteilte Einwilligung zu widerrufen oder der Verarbeitung Ihrer Daten durch Cookie-Technologien zu widersprechen (zusammenfassend als &#8222;Opt-Out&#8220; bezeichnet).<\/p>\n\n\n\n<p>Sie k\u00f6nnen Ihren Widerspruch zun\u00e4chst mittels der Einstellungen Ihres  Browsers erkl\u00e4ren, z.B. indem Sie die Nutzung von Cookies deaktivieren (wobei hierdurch auch die Funktionsf\u00e4higkeit unseres Onlineangebotes eingeschr\u00e4nkt werden kann).<\/p>\n\n\n\n<p>Ein Widerspruch gegen den Einsatz von Cookies zu Zwecken des  Onlinemarketings kann mittels einer Vielzahl von Diensten, vor allem im Fall des Trackings, \u00fcber die US-amerikanische Seite <a rel=\"noreferrer noopener\" href=\"http:\/\/www.aboutads.info\/choices\/\" target=\"_blank\">http:\/\/www.aboutads.info\/choices\/<\/a> oder die EU-Seite <a rel=\"noreferrer noopener\" href=\"http:\/\/www.youronlinechoices.com\/\" target=\"_blank\">http:\/\/www.youronlinechoices.com\/<\/a> oder generell auf <a rel=\"noreferrer noopener\" href=\"http:\/\/optout.aboutads.info\" target=\"_blank\">http:\/\/optout.aboutads.info<\/a> erkl\u00e4rt werden.<\/p>\n\n\n\n<p><strong>Verarbeitung von Cookie-Daten auf Grundlage einer Einwilligung<\/strong>: Bevor wir Daten im Rahmen der Nutzung von Cookies verarbeiten oder verarbeiten lassen, bitten wir die Nutzenden um eine jederzeit widerrufbare Einwilligung. Bevor die Einwilligung nicht ausgesprochen wurde, werden allenfalls Cookies eingesetzt, die f\u00fcr den Betrieb unseres Onlineangebotes erforderlich sind. Deren Einsatz erfolgt auf der Grundlage unseres Interesses und des Interesses der Nutzenden an der erwarteten Funktionsf\u00e4higkeit unseres Onlineangebotes.<\/p>\n\n\n\n<ul class=\"wp-block-list\"><li><strong>Verarbeitete Datenarten:<\/strong> Nutzungsdaten (z.B. besuchte Webseiten, Interesse an Inhalten, Zugriffszeiten), Meta- oder Kommunikationsdaten (z.B. Ger\u00e4te-Informationen, IP-Adressen).<\/li><li><strong>Betroffene Personen:<\/strong> Nutzende (z.B. Webseitenbesucher*innen, Nutzende von Onlinediensten).<\/li><li><strong>Rechtsgrundlagen:<\/strong> Einwilligung (Art. 6 Abs. 1 S. 1 lit. a DSGVO), Berechtigte Interessen (Art. 6 Abs. 1 S. 1 lit. f. DSGVO).<br><\/li><\/ul>\n\n\n\n<h2 class=\"wp-block-heading\" id=\"m182\">Kontaktaufnahme<\/h2>\n\n\n\n<p>Bei der Kontaktaufnahme mit uns (z.B. per Kontaktformular, E-Mail, Telefon oder via soziale Medien) werden die Angaben der anfragenden Personen verarbeitet, soweit dies zur Beantwortung der Kontaktanfragen und etwaiger angefragter Ma\u00dfnahmen erforderlich ist.<\/p>\n\n\n\n<p>Die Beantwortung der Kontaktanfragen im Rahmen von vertraglichen oder vorvertraglichen Beziehungen erfolgt zur Erf\u00fcllung unserer vertraglichen Pflichten oder zur Beantwortung von (vor)vertraglichen Anfragen und im \u00dcbrigen auf Grundlage der berechtigten Interessen an der Beantwortung der Anfragen.<\/p>\n\n\n\n<ul class=\"wp-block-list\"><li><strong>Verarbeitete Datenarten:<\/strong> Bestandsdaten (z.B. Namen, Adressen), Kontaktdaten (z.B. E-Mail, Telefonnummern), Inhaltsdaten (z.B. Texteingaben, Fotografien, Videos).<\/li><li><strong>Betroffene Personen:<\/strong> Kommunikationspartner*innen.<\/li><li><strong>Zwecke der Verarbeitung:<\/strong> Kontaktanfragen und Kommunikation.<\/li><li><strong>Rechtsgrundlagen:<\/strong> Vertragserf\u00fcllung und vorvertragliche Anfragen (Art. 6 Abs. 1 S. 1 lit.  b. DSGVO), Berechtigte Interessen (Art. 6 Abs. 1 S. 1 lit. f. DSGVO).<br><\/li><\/ul>\n\n\n\n<h2 class=\"wp-block-heading\" id=\"m12\">L\u00f6schung von Daten<\/h2>\n\n\n\n<p>Die  von uns verarbeiteten Daten werden nach Ma\u00dfgabe der gesetzlichen Vorgaben gel\u00f6scht, sobald deren zur Verarbeitung erlaubten Einwilligungen widerrufen werden oder sonstige Erlaubnisse entfallen (z.B., wenn der Zweck der Verarbeitung dieser Daten entfallen ist oder sie f\u00fcr den Zweck nicht erforderlich sind).<\/p>\n\n\n\n<p>Sofern die Daten nicht gel\u00f6scht werden, weil sie f\u00fcr andere und gesetzlich zul\u00e4ssige Zwecke erforderlich sind, wird deren Verarbeitung auf diese Zwecke beschr\u00e4nkt. D.h., die Daten werden gesperrt und nicht f\u00fcr andere Zwecke verarbeitet. Das gilt z.B. f\u00fcr Daten, die aus handels- oder steuerrechtlichen Gr\u00fcnden aufbewahrt werden m\u00fcssen oder deren Speicherung zur Geltendmachung, Aus\u00fcbung oder Verteidigung von Rechtsanspr\u00fcchen oder zum Schutz der Rechte einer anderen nat\u00fcrlichen  oder juristischen Person erforderlich ist.<\/p>\n\n\n\n<p>Weitere Hinweise zu der L\u00f6schung von personenbezogenen Daten k\u00f6nnen ferner im Rahmen der einzelnen Datenschutzhinweise dieser Datenschutzerkl\u00e4rung erfolgen.<\/p>\n\n\n\n<p><a rel=\"noreferrer noopener\" href=\"https:\/\/datenschutz-generator.de\/?l=de\" target=\"_blank\">Erstellt mit Datenschutz-Generator.de von Dr. jur. Thomas Schwenke<\/a> unter Erg\u00e4nzung geschlechterinklusiver Sprache.<\/p>\n","protected":false},"excerpt":{"rendered":"<p>Stand: 13. August 2019 Inhalts\u00fcbersicht Verantwortliche Person \u00dcbersicht der Verarbeitungen Ma\u00dfgebliche Rechtsgrundlagen Sicherheitsma\u00dfnahmen Einsatz von Cookies Kontaktaufnahme L\u00f6schung von Daten Begriffsdefinitionen Verantwortliche Person Jennifer J* Moosdie_grenzg\u00e4nger_inLudwigstra\u00dfe 4D-79104 Freiburg i.Br. E-Mail-Adresse: post@diegrenzgaengerin.net Impressum: https:\/\/diegrenzgaengerin.net\/?page_id=26 \u00dcbersicht der Verarbeitungen Die nachfolgende \u00dcbersicht fasst die Arten der verarbeiteten Daten und die Zwecke ihrer Verarbeitung zusammen und verweist auf die &#8230; <a title=\"Datenschutzerkl\u00e4rung\" class=\"read-more\" href=\"https:\/\/diegrenzgaengerin.net\/?page_id=58\" aria-label=\"Mehr Informationen \u00fcber Datenschutzerkl\u00e4rung\">Weiterlesen<\/a><\/p>\n","protected":false},"author":2,"featured_media":0,"parent":0,"menu_order":0,"comment_status":"closed","ping_status":"closed","template":"","meta":{"footnotes":""},"class_list":["post-58","page","type-page","status-publish"],"_links":{"self":[{"href":"https:\/\/diegrenzgaengerin.net\/index.php?rest_route=\/wp\/v2\/pages\/58","targetHints":{"allow":["GET"]}}],"collection":[{"href":"https:\/\/diegrenzgaengerin.net\/index.php?rest_route=\/wp\/v2\/pages"}],"about":[{"href":"https:\/\/diegrenzgaengerin.net\/index.php?rest_route=\/wp\/v2\/types\/page"}],"author":[{"embeddable":true,"href":"https:\/\/diegrenzgaengerin.net\/index.php?rest_route=\/wp\/v2\/users\/2"}],"replies":[{"embeddable":true,"href":"https:\/\/diegrenzgaengerin.net\/index.php?rest_route=%2Fwp%2Fv2%2Fcomments&post=58"}],"version-history":[{"count":9,"href":"https:\/\/diegrenzgaengerin.net\/index.php?rest_route=\/wp\/v2\/pages\/58\/revisions"}],"predecessor-version":[{"id":473,"href":"https:\/\/diegrenzgaengerin.net\/index.php?rest_route=\/wp\/v2\/pages\/58\/revisions\/473"}],"wp:attachment":[{"href":"https:\/\/diegrenzgaengerin.net\/index.php?rest_route=%2Fwp%2Fv2%2Fmedia&parent=58"}],"curies":[{"name":"wp","href":"https:\/\/api.w.org\/{rel}","templated":true}]}}