{"id":50,"date":"2019-01-19T20:09:42","date_gmt":"2019-01-19T20:09:42","guid":{"rendered":"http:\/\/diegrenzgaengerin.net\/?page_id=50"},"modified":"2025-02-24T12:44:34","modified_gmt":"2025-02-24T12:44:34","slug":"workshop","status":"publish","type":"page","link":"https:\/\/diegrenzgaengerin.net\/?page_id=50","title":{"rendered":"BERATUNG und COACHING"},"content":{"rendered":"\n<p><\/p>\n\n\n\n<p><strong>Beratung<\/strong><\/p>\n\n\n\n<p>Sie m\u00f6chten ein Diversity-Konzept f\u00fcr Ihre Organisation entwickeln?<br>Sie m\u00f6chten auf Ihren Websites geschlechterinklusive Sprache verwenden?<br>Sie befinden sich auf dem Weg von Frauenf\u00f6rderung und Gleichstellung zu Diversity &amp; Inclusion?<br>Sie m\u00f6chten Bedarfe in Ihrer Organisation erkennen und erste Massnahmen zur Umsetzung Ihrer Equality-, Diversity- und Inclusion-Strategie umsetzen?<\/p>\n\n\n\n<div class=\"wp-block-media-text alignwide is-stacked-on-mobile\" style=\"grid-template-columns:45% auto\"><figure class=\"wp-block-media-text__media\"><img loading=\"lazy\" decoding=\"async\" width=\"511\" height=\"295\" src=\"https:\/\/diegrenzgaengerin.net\/wp-content\/uploads\/2019\/02\/dieGenders02group.png\" alt=\"\" class=\"wp-image-288 size-full\" srcset=\"https:\/\/diegrenzgaengerin.net\/wp-content\/uploads\/2019\/02\/dieGenders02group.png 511w, https:\/\/diegrenzgaengerin.net\/wp-content\/uploads\/2019\/02\/dieGenders02group-300x173.png 300w\" sizes=\"auto, (max-width: 511px) 100vw, 511px\" \/><\/figure><div class=\"wp-block-media-text__content\">\n<p><strong>Coaching<\/strong> <\/p>\n\n\n\n<p>Sie sind neu in der Funktion als f\u00fcr Gleichstellung oder Diversity beauftragte Person?<br>Sie m\u00f6chten kl\u00e4ren, wo genau im Bereich Diversity und Inclusion Sie (zuerst) aktiv werden k\u00f6nnen?<br>Sie m\u00f6chten ein Vorgehen strategisch planen, Chancen und Herausforderungen beleuchten? <\/p>\n\n\n\n<p>Auf der Grundlage einer systemischen Herangehensweise unterst\u00fctze ich Einzelpersonen und Teams durch meine Coaching-Angebote. Dabei steht ein wertsch\u00e4tzendes und empathisches Miteinander ebenso im Mittelpunkt wie das Ein\u00fcben von Perspektivwechseln und die Freude und Neugier am Gegen\u00fcber.<\/p>\n<\/div><\/div>\n\n\n\n<p>Ganz unabh\u00e4ngig davon, wie weit Sie in Ihrem Gender-, Diversity- und Inclusion-Prozess bereits voran geschritten sind: Gerne unterst\u00fctze ich Sie mit meinem fachlichen Wissen und meiner langj\u00e4hrigen Erfahrung im internationalen Kontext.<br><strong>Vertraulich, empathisch und nah dran an Ihrer Organisation.<\/strong> Ich nehme mir Zeit f\u00fcr Ihre ganz spezifischen Anliegen und Zielsetzungen.<\/p>\n\n\n\n<p>Nehmen Sie unverbindlich <a href=\"https:\/\/diegrenzgaengerin.net\/?page_id=24\">Kontakt<\/a> mit mir auf.<\/p>\n\n\n\n<p><br>BERATUNGEN, EINZELCOACHINGS und TEAMCOACHINGS kann ich in deutscher und englischer Sprache durchf\u00fchren.<\/p>\n","protected":false},"excerpt":{"rendered":"<p>Beratung Sie m\u00f6chten ein Diversity-Konzept f\u00fcr Ihre Organisation entwickeln?Sie m\u00f6chten auf Ihren Websites geschlechterinklusive Sprache verwenden?Sie befinden sich auf dem Weg von Frauenf\u00f6rderung und Gleichstellung zu Diversity &amp; Inclusion?Sie m\u00f6chten Bedarfe in Ihrer Organisation erkennen und erste Massnahmen zur Umsetzung Ihrer Equality-, Diversity- und Inclusion-Strategie umsetzen? Coaching Sie sind neu in der Funktion als f\u00fcr &#8230; <a title=\"BERATUNG und COACHING\" class=\"read-more\" href=\"https:\/\/diegrenzgaengerin.net\/?page_id=50\" aria-label=\"Mehr Informationen \u00fcber BERATUNG und COACHING\">Weiterlesen<\/a><\/p>\n","protected":false},"author":2,"featured_media":0,"parent":0,"menu_order":0,"comment_status":"closed","ping_status":"closed","template":"","meta":{"footnotes":""},"class_list":["post-50","page","type-page","status-publish"],"_links":{"self":[{"href":"https:\/\/diegrenzgaengerin.net\/index.php?rest_route=\/wp\/v2\/pages\/50","targetHints":{"allow":["GET"]}}],"collection":[{"href":"https:\/\/diegrenzgaengerin.net\/index.php?rest_route=\/wp\/v2\/pages"}],"about":[{"href":"https:\/\/diegrenzgaengerin.net\/index.php?rest_route=\/wp\/v2\/types\/page"}],"author":[{"embeddable":true,"href":"https:\/\/diegrenzgaengerin.net\/index.php?rest_route=\/wp\/v2\/users\/2"}],"replies":[{"embeddable":true,"href":"https:\/\/diegrenzgaengerin.net\/index.php?rest_route=%2Fwp%2Fv2%2Fcomments&post=50"}],"version-history":[{"count":28,"href":"https:\/\/diegrenzgaengerin.net\/index.php?rest_route=\/wp\/v2\/pages\/50\/revisions"}],"predecessor-version":[{"id":548,"href":"https:\/\/diegrenzgaengerin.net\/index.php?rest_route=\/wp\/v2\/pages\/50\/revisions\/548"}],"wp:attachment":[{"href":"https:\/\/diegrenzgaengerin.net\/index.php?rest_route=%2Fwp%2Fv2%2Fmedia&parent=50"}],"curies":[{"name":"wp","href":"https:\/\/api.w.org\/{rel}","templated":true}]}}