{"id":32,"date":"2019-01-19T18:47:02","date_gmt":"2019-01-19T18:47:02","guid":{"rendered":"http:\/\/diegrenzgaengerin.net\/?page_id=32"},"modified":"2025-02-24T12:21:08","modified_gmt":"2025-02-24T12:21:08","slug":"inklusive-sprache","status":"publish","type":"page","link":"https:\/\/diegrenzgaengerin.net\/?page_id=32","title":{"rendered":"KOMMUNIKATION und SPRACHE"},"content":{"rendered":"\n<p>Workshop 1: <strong>Inklusive Sprache: Trends und Tipps f\u00fcr den Arbeitsalltag<\/strong><br>Studierende, Professorinnen und Professoren oder MitarbeiterInnen? Gender-Sternchen, Gender Gap oder Doppelpunkt? Menschen mit Behinderung oder Behinderte? Schwul, queer oder LGBTIQAA*? Was ist denn nun richtig und wie spricht man das eigentlich aus?<br>Sprache spielt in unserem Arbeitsalltag eine wichtige Rolle. Die Reflexion des eigenen m\u00fcndlichen und schriftlichen Sprachgebrauchs kann dabei helfen, eigene Botschaften verst\u00e4ndlicher zu vermitteln, die Motivation und Teilhabe von Mitarbeitenden und Kolleg*innen zu erh\u00f6hen und erfolgreicher im Team zusammenzuarbeiten.<br>Der Workshop richtet sich an Personen, in deren Arbeitsalltag Kommunikation einen hohen Stellenwert einnimmt. Er l\u00e4dt dazu ein, den eigenen schriftlichen und m\u00fcndlichen Sprachgebrauch zu \u00fcberpr\u00fcfen, diskriminierungsfreie Sprech- und Schreibweisen zu erproben und aktuelle Entwicklungen kennen zu lernen. Bei Bedarf \u00fcben wir anhand unterschiedlicher Textsorten wie z.B. Formularen, Stellenausschreibungen, Web-Texte und Social Media Posts.  <br><br><\/p>\n\n\n\n<p>Workshop 2: <strong>Keine Angst vor der \u201edritten Option\u201c: Tipps f\u00fcr den Arbeitsalltag<\/strong> <br>Die Gesetzes\u00e4nderung zur Erweiterung des Geschlechtseintrags sorgt mancherorts noch immer f\u00fcr Stirnrunzeln, Unsicherheit und allem voran f\u00fcr viele Fragen. In dieser Weiterbildung f\u00fcr \u00f6ffentliche Einrichtungen, st\u00e4dtische und Hochschul-Verwaltungen sowie Unternehmen besch\u00e4ftigen wir uns mit den Hintergr\u00fcnden zum Gesetz, beleuchten Barrieren f\u00fcr und Bedarfen von trans, inter, non-bin\u00e4ren und genderqueeren Menschen im Studien- und Arbeitsalltag, kl\u00e4ren Missverst\u00e4ndnisse rund um das Thema Geschlecht und die \u201edritte Option\u201c auf und erarbeiten L\u00f6sungsans\u00e4tze zur Umsetzung des Gesetzes im Arbeitsalltag. <br>Neben fachlichen Inputs und \u00dcbungen arbeiten wir mit praktischen Beispielen, z.B. aus den Bereichen schriftliche Kommunikation, Formulare, IT-Systeme, Infrastruktur und Stellenausschreibungen.<br><br><\/p>\n\n\n\n<p>Workshops im Bereich SPRACHE und KOMMUNIKATION biete ich in deutscher Sprache an. <br><\/p>\n","protected":false},"excerpt":{"rendered":"<p>Workshop 1: Inklusive Sprache: Trends und Tipps f\u00fcr den ArbeitsalltagStudierende, Professorinnen und Professoren oder MitarbeiterInnen? Gender-Sternchen, Gender Gap oder Doppelpunkt? Menschen mit Behinderung oder Behinderte? Schwul, queer oder LGBTIQAA*? Was ist denn nun richtig und wie spricht man das eigentlich aus?Sprache spielt in unserem Arbeitsalltag eine wichtige Rolle. Die Reflexion des eigenen m\u00fcndlichen und schriftlichen &#8230; <a title=\"KOMMUNIKATION und SPRACHE\" class=\"read-more\" href=\"https:\/\/diegrenzgaengerin.net\/?page_id=32\" aria-label=\"Mehr Informationen \u00fcber KOMMUNIKATION und SPRACHE\">Weiterlesen<\/a><\/p>\n","protected":false},"author":1,"featured_media":0,"parent":0,"menu_order":0,"comment_status":"closed","ping_status":"closed","template":"","meta":{"footnotes":""},"class_list":["post-32","page","type-page","status-publish"],"_links":{"self":[{"href":"https:\/\/diegrenzgaengerin.net\/index.php?rest_route=\/wp\/v2\/pages\/32","targetHints":{"allow":["GET"]}}],"collection":[{"href":"https:\/\/diegrenzgaengerin.net\/index.php?rest_route=\/wp\/v2\/pages"}],"about":[{"href":"https:\/\/diegrenzgaengerin.net\/index.php?rest_route=\/wp\/v2\/types\/page"}],"author":[{"embeddable":true,"href":"https:\/\/diegrenzgaengerin.net\/index.php?rest_route=\/wp\/v2\/users\/1"}],"replies":[{"embeddable":true,"href":"https:\/\/diegrenzgaengerin.net\/index.php?rest_route=%2Fwp%2Fv2%2Fcomments&post=32"}],"version-history":[{"count":20,"href":"https:\/\/diegrenzgaengerin.net\/index.php?rest_route=\/wp\/v2\/pages\/32\/revisions"}],"predecessor-version":[{"id":532,"href":"https:\/\/diegrenzgaengerin.net\/index.php?rest_route=\/wp\/v2\/pages\/32\/revisions\/532"}],"wp:attachment":[{"href":"https:\/\/diegrenzgaengerin.net\/index.php?rest_route=%2Fwp%2Fv2%2Fmedia&parent=32"}],"curies":[{"name":"wp","href":"https:\/\/api.w.org\/{rel}","templated":true}]}}