{"id":24,"date":"2019-01-19T18:38:43","date_gmt":"2019-01-19T18:38:43","guid":{"rendered":"http:\/\/diegrenzgaengerin.net\/?page_id=24"},"modified":"2024-01-02T16:18:59","modified_gmt":"2024-01-02T16:18:59","slug":"kontakt","status":"publish","type":"page","link":"https:\/\/diegrenzgaengerin.net\/?page_id=24","title":{"rendered":"KONTAKT"},"content":{"rendered":"\n<div class=\"wp-block-columns is-layout-flex wp-container-core-columns-is-layout-1 wp-block-columns-is-layout-flex\">\n<div class=\"wp-block-column is-layout-flow wp-block-column-is-layout-flow\" style=\"flex-basis:100%\">\n<p>Sie sind auf der Suche nach Workshops, Training oder Beratung in den Bereichen Gender, Diversity &#038; Inclusion? <br>Eine gelungene Zusammenarbeit basiert auf einer gr\u00fcndlichen Abkl\u00e4rung Ihrer Fragen, Bed\u00fcrfnisse und Zielsetzungen. <br>Die folgenden <strong>5 Schritte<\/strong> unterst\u00fctzen uns dabei:<\/p>\n<\/div>\n<\/div>\n\n\n\n<p><strong>Schritt 1<\/strong> <br>Nehmen Sie \u00fcber das Formular unverbindlich Kontakt zu mir auf. Schildern Sie dabei Ihr Anliegen, damit ich einen ersten Eindruck gewinnen kann. Wichtige Informationen f\u00fcr mich sind: Welche Art von Angebot interessiert Sie? Haben Sie bereits ein Datum\/einen Zeitraum im Blick? Als Pr\u00e4senzveranstaltung oder digital?<\/p>\n\n\n\n\n<div class=\"wpcf7 no-js\" id=\"wpcf7-f60-o1\" lang=\"de-DE\" dir=\"ltr\" data-wpcf7-id=\"60\">\n<div class=\"screen-reader-response\"><p role=\"status\" aria-live=\"polite\" aria-atomic=\"true\"><\/p> <ul><\/ul><\/div>\n<form action=\"\/index.php?rest_route=%2Fwp%2Fv2%2Fpages%2F24#wpcf7-f60-o1\" method=\"post\" class=\"wpcf7-form init\" aria-label=\"Kontaktformular\" novalidate=\"novalidate\" data-status=\"init\">\n<div style=\"display: none;\">\n<input type=\"hidden\" name=\"_wpcf7\" value=\"60\" \/>\n<input type=\"hidden\" name=\"_wpcf7_version\" value=\"6.0.4\" \/>\n<input type=\"hidden\" name=\"_wpcf7_locale\" value=\"de_DE\" \/>\n<input type=\"hidden\" name=\"_wpcf7_unit_tag\" value=\"wpcf7-f60-o1\" \/>\n<input type=\"hidden\" name=\"_wpcf7_container_post\" value=\"0\" \/>\n<input type=\"hidden\" name=\"_wpcf7_posted_data_hash\" value=\"\" \/>\n<\/div>\n<p><label> Dein\/Ihr Name (Pflichtfeld)<br \/>\n<span class=\"wpcf7-form-control-wrap\" data-name=\"your-name\"><input size=\"40\" maxlength=\"400\" class=\"wpcf7-form-control wpcf7-text wpcf7-validates-as-required\" aria-required=\"true\" aria-invalid=\"false\" value=\"\" type=\"text\" name=\"your-name\" \/><\/span> <\/label>\n<\/p>\n<p><label> Deine\/Ihre E-Mail-Adresse (Pflichtfeld)<br \/>\n<span class=\"wpcf7-form-control-wrap\" data-name=\"your-email\"><input size=\"40\" maxlength=\"400\" class=\"wpcf7-form-control wpcf7-email wpcf7-validates-as-required wpcf7-text wpcf7-validates-as-email\" aria-required=\"true\" aria-invalid=\"false\" value=\"\" type=\"email\" name=\"your-email\" \/><\/span> <\/label>\n<\/p>\n<p><label> Betreff<br \/>\n<span class=\"wpcf7-form-control-wrap\" data-name=\"your-subject\"><input size=\"40\" maxlength=\"400\" class=\"wpcf7-form-control wpcf7-text\" aria-invalid=\"false\" value=\"\" type=\"text\" name=\"your-subject\" \/><\/span> <\/label>\n<\/p>\n<p><label> Deine\/Ihre Nachricht<br \/>\n<span class=\"wpcf7-form-control-wrap\" data-name=\"your-message\"><textarea cols=\"40\" rows=\"10\" maxlength=\"2000\" class=\"wpcf7-form-control wpcf7-textarea\" aria-invalid=\"false\" name=\"your-message\"><\/textarea><\/span> <\/label>\n<\/p>\n<p><input class=\"wpcf7-form-control wpcf7-submit has-spinner\" type=\"submit\" value=\"Senden\" \/>\n<\/p><div class=\"wpcf7-response-output\" aria-hidden=\"true\"><\/div>\n<\/form>\n<\/div>\n\n\n\n\n<p><strong>Schritt 2&nbsp;<\/strong> <br>Ich antworte Ihnen m\u00f6glichst rasch auf Ihre Anfrage und wir vereinbaren einen Termin zum pers\u00f6nlichen oder telefonischen Austausch. Das hilft mir dabei, Ihr Anliegen noch besser zu verstehen und gibt mir wichtige Impulse zur Erarbeitung einer Offerte. Denn: Mein Ziel ist es, auf der Grundlage Ihrer Bed\u00fcrfnisse und meiner Kenntnisse, ein passgenaues Workshop- oder Trainingsangebot f\u00fcr Sie zu erstellen.<\/p>\n\n\n\n<p><strong>Schritt 3&nbsp;<\/strong><br>Sie erhalten meine Offerte und entscheiden, ob und in welchem Rahmen Sie mit mir zusammenarbeiten m\u00f6chten.&nbsp;&nbsp;<\/p>\n\n\n\n<p><strong>Schritt 4&nbsp;<\/strong><br>Sie m\u00f6chten gerne mit mir arbeiten? Dann besprechen wir uns nochmals bez\u00fcglich Detailfragen wie z.B. Teilnehmendenkreis, Einbindung des Angebots in gr\u00f6ssere strategische Prozesse an Ihrer Institution oder in Ihrem Unternehmen, technische Ausstattung usw. Nach dem Gespr\u00e4ch verf\u00fcge ich \u00fcber eine gute Grundlage, um den genauen Ablauf des Workshops oder Trainings detailliert planen zu k\u00f6nnen.&nbsp;<\/p>\n\n\n\n<p><strong>Schritt 5&nbsp;<\/strong><br>Endlich ist es soweit: Los geht\u2019s! Ich freue mich auf den Workshop oder das Training mit Ihnen!&nbsp; <br><\/p>\n","protected":false},"excerpt":{"rendered":"<p>Sie sind auf der Suche nach Workshops, Training oder Beratung in den Bereichen Gender, Diversity &#038; Inclusion? Eine gelungene Zusammenarbeit basiert auf einer gr\u00fcndlichen Abkl\u00e4rung Ihrer Fragen, Bed\u00fcrfnisse und Zielsetzungen. Die folgenden 5 Schritte unterst\u00fctzen uns dabei: Schritt 1 Nehmen Sie \u00fcber das Formular unverbindlich Kontakt zu mir auf. Schildern Sie dabei Ihr Anliegen, damit &#8230; <a title=\"KONTAKT\" class=\"read-more\" href=\"https:\/\/diegrenzgaengerin.net\/?page_id=24\" aria-label=\"Mehr Informationen \u00fcber KONTAKT\">Weiterlesen<\/a><\/p>\n","protected":false},"author":1,"featured_media":0,"parent":0,"menu_order":0,"comment_status":"closed","ping_status":"closed","template":"","meta":{"footnotes":""},"class_list":["post-24","page","type-page","status-publish"],"_links":{"self":[{"href":"https:\/\/diegrenzgaengerin.net\/index.php?rest_route=\/wp\/v2\/pages\/24","targetHints":{"allow":["GET"]}}],"collection":[{"href":"https:\/\/diegrenzgaengerin.net\/index.php?rest_route=\/wp\/v2\/pages"}],"about":[{"href":"https:\/\/diegrenzgaengerin.net\/index.php?rest_route=\/wp\/v2\/types\/page"}],"author":[{"embeddable":true,"href":"https:\/\/diegrenzgaengerin.net\/index.php?rest_route=\/wp\/v2\/users\/1"}],"replies":[{"embeddable":true,"href":"https:\/\/diegrenzgaengerin.net\/index.php?rest_route=%2Fwp%2Fv2%2Fcomments&post=24"}],"version-history":[{"count":27,"href":"https:\/\/diegrenzgaengerin.net\/index.php?rest_route=\/wp\/v2\/pages\/24\/revisions"}],"predecessor-version":[{"id":525,"href":"https:\/\/diegrenzgaengerin.net\/index.php?rest_route=\/wp\/v2\/pages\/24\/revisions\/525"}],"wp:attachment":[{"href":"https:\/\/diegrenzgaengerin.net\/index.php?rest_route=%2Fwp%2Fv2%2Fmedia&parent=24"}],"curies":[{"name":"wp","href":"https:\/\/api.w.org\/{rel}","templated":true}]}}