{"id":2,"date":"2016-05-10T03:48:21","date_gmt":"2016-05-10T03:48:21","guid":{"rendered":"http:\/\/diegrenzgaengerin.net\/?page_id=2"},"modified":"2024-01-02T16:16:15","modified_gmt":"2024-01-02T16:16:15","slug":"sample-page","status":"publish","type":"page","link":"https:\/\/diegrenzgaengerin.net\/","title":{"rendered":"DIE_GRENZG\u00c4NGER_IN"},"content":{"rendered":"\n<p><strong>Grenzen haben mich schon immer fasziniert<\/strong> \u2013 ob es sich dabei um geographische Grenzen handelte, um sprachliche oder kulturelle Grenzen, wirtschaftliche oder gesellschaftliche Grenzen, Geschlechtergrenzen, Grenzen auf dem Papier oder im Kopf. <br>Grenzen beinhalten immer beides: ein Ende und einen Anfang; ein hier und ein dort; ein \u201ewir\u201c und ein \u201edie anderen\u201c.&nbsp;&nbsp;&nbsp;&nbsp;<\/p>\n\n\n\n<p>Geboren in Frankfurt am Main, aufgewachsen am sch\u00f6nen Bodensee, studiert und gearbeitet im Dreil\u00e4ndereck Deutschland-Schweiz-Frankreich und SaarLorLux. Studien- und Arbeitsaufenthalte im Norden Englands und im Westen der USA mit Blick auf den Pazifik.&nbsp;&nbsp;&nbsp;<\/p>\n\n\n\n<p><strong>Seit 2005 gebe ich Seminare, Workshops, Trainings und Weiterbildungen in den Bereichen Gender, Diversity und Inclusion.<\/strong> In diesem Rahmen habe ich mit unterschiedlichen Hochschulen und Organisationen in Deutschland, der Schweiz und \u00d6sterreich gearbeitet und diese bei ihren Vorhaben im Bereich Equality, Diversity &amp; Inclusion unterst\u00fctzt.&nbsp;&nbsp;<\/p>\n\n\n<div class=\"wp-block-image\">\n<figure class=\"alignleft is-resized\"><img loading=\"lazy\" decoding=\"async\" width=\"511\" height=\"353\" src=\"https:\/\/diegrenzgaengerin.net\/wp-content\/uploads\/2019\/02\/dieGenders02jump.png\" alt=\"\" class=\"wp-image-289\" style=\"width:400px;height:277px\" srcset=\"https:\/\/diegrenzgaengerin.net\/wp-content\/uploads\/2019\/02\/dieGenders02jump.png 511w, https:\/\/diegrenzgaengerin.net\/wp-content\/uploads\/2019\/02\/dieGenders02jump-300x207.png 300w\" sizes=\"auto, (max-width: 511px) 100vw, 511px\" \/><\/figure><\/div>\n\n\n<p>Meine Arbeit in Workshops und Trainings verstehe ich explizit als \u201eGrenzgang\u201c \u2013 als <strong>Einladung zum Blick \u00fcber den eigenen Tellerrand<\/strong> hinaus; als einen Br\u00fcckenschlag zwischen wissenschaftlicher Theorie und organisationaler Praxis; als gesch\u00fctzten Erm\u00f6glichungsraum, der die eigene Perspektive erweitert. <br><a href=\"https:\/\/diegrenzgaengerin.net\/?page_id=28\">DIVERSITY<\/a> &#8211; <a href=\"https:\/\/diegrenzgaengerin.net\/?page_id=32\">SPRACHE und KOMMUNIKATION<\/a> &#8211; <a href=\"https:\/\/diegrenzgaengerin.net\/?page_id=30\">GESCHLECHTLICHE VIELFALT<\/a>  <br><br>Wenn Sie auf der Suche nach einer engagierten Pers\u00f6nlichkeit mit Weitblick sind, die Ihre Vorhaben strategisch und operativ unterst\u00fctzt, nehmen Sie gerne <a href=\"https:\/\/diegrenzgaengerin.net\/?page_id=24\">Kontakt<\/a> mit mir auf. <\/p>\n\n\n\n<p><\/p>\n\n\n\n<p>\u00dcbrigens: eine Liste mit Referenzen publiziere ich hier bewusst nicht \u00f6ffentlich. Sie k\u00f6nnen mich gerne pers\u00f6nlich nach Workshop-Evaluationen oder Feedbacks anfragen.<\/p>\n\n\n\n<figure class=\"wp-block-image\"><img loading=\"lazy\" decoding=\"async\" width=\"800\" height=\"20\" src=\"https:\/\/diegrenzgaengerin.net\/wp-content\/uploads\/2019\/03\/Schriftzug_wtbDGIeeg-2.png\" alt=\"\" class=\"wp-image-320\" srcset=\"https:\/\/diegrenzgaengerin.net\/wp-content\/uploads\/2019\/03\/Schriftzug_wtbDGIeeg-2.png 800w, https:\/\/diegrenzgaengerin.net\/wp-content\/uploads\/2019\/03\/Schriftzug_wtbDGIeeg-2-300x8.png 300w, https:\/\/diegrenzgaengerin.net\/wp-content\/uploads\/2019\/03\/Schriftzug_wtbDGIeeg-2-768x19.png 768w\" sizes=\"auto, (max-width: 800px) 100vw, 800px\" \/><\/figure>\n","protected":false},"excerpt":{"rendered":"<p>Grenzen haben mich schon immer fasziniert \u2013 ob es sich dabei um geographische Grenzen handelte, um sprachliche oder kulturelle Grenzen, wirtschaftliche oder gesellschaftliche Grenzen, Geschlechtergrenzen, Grenzen auf dem Papier oder im Kopf. Grenzen beinhalten immer beides: ein Ende und einen Anfang; ein hier und ein dort; ein \u201ewir\u201c und ein \u201edie anderen\u201c.&nbsp;&nbsp;&nbsp;&nbsp; Geboren in Frankfurt &#8230; <a title=\"DIE_GRENZG\u00c4NGER_IN\" class=\"read-more\" href=\"https:\/\/diegrenzgaengerin.net\/\" aria-label=\"Mehr Informationen \u00fcber DIE_GRENZG\u00c4NGER_IN\">Weiterlesen<\/a><\/p>\n","protected":false},"author":1,"featured_media":0,"parent":0,"menu_order":0,"comment_status":"closed","ping_status":"open","template":"","meta":{"footnotes":""},"class_list":["post-2","page","type-page","status-publish"],"_links":{"self":[{"href":"https:\/\/diegrenzgaengerin.net\/index.php?rest_route=\/wp\/v2\/pages\/2","targetHints":{"allow":["GET"]}}],"collection":[{"href":"https:\/\/diegrenzgaengerin.net\/index.php?rest_route=\/wp\/v2\/pages"}],"about":[{"href":"https:\/\/diegrenzgaengerin.net\/index.php?rest_route=\/wp\/v2\/types\/page"}],"author":[{"embeddable":true,"href":"https:\/\/diegrenzgaengerin.net\/index.php?rest_route=\/wp\/v2\/users\/1"}],"replies":[{"embeddable":true,"href":"https:\/\/diegrenzgaengerin.net\/index.php?rest_route=%2Fwp%2Fv2%2Fcomments&post=2"}],"version-history":[{"count":38,"href":"https:\/\/diegrenzgaengerin.net\/index.php?rest_route=\/wp\/v2\/pages\/2\/revisions"}],"predecessor-version":[{"id":522,"href":"https:\/\/diegrenzgaengerin.net\/index.php?rest_route=\/wp\/v2\/pages\/2\/revisions\/522"}],"wp:attachment":[{"href":"https:\/\/diegrenzgaengerin.net\/index.php?rest_route=%2Fwp%2Fv2%2Fmedia&parent=2"}],"curies":[{"name":"wp","href":"https:\/\/api.w.org\/{rel}","templated":true}]}}